{"id":1450,"date":"2025-05-22T12:50:47","date_gmt":"2025-05-22T10:50:47","guid":{"rendered":"https:\/\/hotelportman.com\/?page_id=1450"},"modified":"2025-05-26T10:24:35","modified_gmt":"2025-05-26T08:24:35","slug":"actividades-en-portman","status":"publish","type":"page","link":"https:\/\/hotelportman.com\/en\/actividades-en-portman\/","title":{"rendered":"Actividades en Portm\u00e1n"},"content":{"rendered":"\t\t<div data-elementor-type=\"wp-page\" data-elementor-id=\"1450\" class=\"elementor elementor-1450\" data-elementor-post-type=\"page\">\n\t\t\t\t<div class=\"elementor-element elementor-element-40f6892 e-flex e-con-boxed e-con e-parent\" data-id=\"40f6892\" data-element_type=\"container\" data-e-type=\"container\" data-settings=\"{&quot;background_background&quot;:&quot;classic&quot;}\">\n\t\t\t\t\t<div class=\"e-con-inner\">\n\t\t\t\t<div class=\"elementor-element elementor-element-38148db elementor-widget elementor-widget-heading\" data-id=\"38148db\" data-element_type=\"widget\" data-e-type=\"widget\" data-widget_type=\"heading.default\">\n\t\t\t\t<div class=\"elementor-widget-container\">\n\t\t\t\t\t<h1 class=\"elementor-heading-title elementor-size-default\"><b>Actividades<\/b> en Portm\u00e1n<\/h1>\t\t\t\t<\/div>\n\t\t\t\t<\/div>\n\t\t\t\t<div class=\"elementor-element elementor-element-ab0e0e9 elementor-widget elementor-widget-button\" data-id=\"ab0e0e9\" data-element_type=\"widget\" data-e-type=\"widget\" data-widget_type=\"button.default\">\n\t\t\t\t<div class=\"elementor-widget-container\">\n\t\t\t\t\t\t\t\t\t<div class=\"elementor-button-wrapper\">\n\t\t\t\t\t<a class=\"elementor-button elementor-button-link elementor-size-sm\" href=\"https:\/\/booking.avirato.com\/?code=88002790\" target=\"_blank\">\n\t\t\t\t\t\t<span class=\"elementor-button-content-wrapper\">\n\t\t\t\t\t\t\t\t\t<span class=\"elementor-button-text\">Reserva ya tu estancia en Hotel Portm\u00e1n<\/span>\n\t\t\t\t\t<\/span>\n\t\t\t\t\t<\/a>\n\t\t\t\t<\/div>\n\t\t\t\t\t\t\t\t<\/div>\n\t\t\t\t<\/div>\n\t\t\t\t\t<\/div>\n\t\t\t\t<\/div>\n\t\t<div class=\"elementor-element elementor-element-8507190 e-flex e-con-boxed e-con e-parent\" data-id=\"8507190\" data-element_type=\"container\" data-e-type=\"container\">\n\t\t\t\t\t<div class=\"e-con-inner\">\n\t\t\t\t<div class=\"elementor-element elementor-element-9f32a26 elementor-widget elementor-widget-heading\" data-id=\"9f32a26\" data-element_type=\"widget\" data-e-type=\"widget\" data-widget_type=\"heading.default\">\n\t\t\t\t<div class=\"elementor-widget-container\">\n\t\t\t\t\t<h2 class=\"elementor-heading-title elementor-size-default\">Aventura, naturaleza e historia en un entorno \u00fanico<\/h2>\t\t\t\t<\/div>\n\t\t\t\t<\/div>\n\t\t\t\t<div class=\"elementor-element elementor-element-028cef8 elementor-widget elementor-widget-heading\" data-id=\"028cef8\" data-element_type=\"widget\" data-e-type=\"widget\" data-widget_type=\"heading.default\">\n\t\t\t\t<div class=\"elementor-widget-container\">\n\t\t\t\t\t<h2 class=\"elementor-heading-title elementor-size-default\">Disfruta de un sinf\u00edn de <b>actividades<\/b> en Portm\u00e1n<\/h2>\t\t\t\t<\/div>\n\t\t\t\t<\/div>\n\t\t\t\t<div class=\"elementor-element elementor-element-3ce1ea8 elementor-widget__width-initial elementor-widget elementor-widget-text-editor\" data-id=\"3ce1ea8\" data-element_type=\"widget\" data-e-type=\"widget\" data-widget_type=\"text-editor.default\">\n\t\t\t\t<div class=\"elementor-widget-container\">\n\t\t\t\t\t\t\t\t\t<p>La <strong data-start=\"217\" data-end=\"237\">Bah\u00eda de Portm\u00e1n<\/strong>, situada en el coraz\u00f3n de la Sierra Minera de La Uni\u00f3n, es mucho m\u00e1s que un paisaje espectacular junto al mar. Es un destino lleno de contrastes, ideal para quienes buscan <strong data-start=\"410\" data-end=\"437\">experiencias aut\u00e9nticas<\/strong> combinando naturaleza, cultura y deporte al aire libre.<\/p><p>En Hotel Portm\u00e1n podr\u00e1s disfrutar de las mejores actividades al aire libre, como\u00a0<strong>golf, buceo<\/strong>,\u00a0<strong>snorkel<\/strong>,\u00a0<strong>rutas de<\/strong>\u00a0<strong>senderismo<\/strong>,\u00a0<strong>paseos a caballo, circuito de spa<\/strong>\u00a0y\u00a0<strong>muchas otras<\/strong>.<\/p><p>Ac\u00e9rcate a conocernos y descubre todas las opciones que tenemos disponibles para ti.<br \/>\u00a1Estaremos encantados de informarte!<\/p>\t\t\t\t\t\t\t\t<\/div>\n\t\t\t\t<\/div>\n\t\t\t\t<div class=\"elementor-element elementor-element-f17a06b elementor-align-center elementor-invisible elementor-widget elementor-widget-button\" data-id=\"f17a06b\" data-element_type=\"widget\" data-e-type=\"widget\" data-settings=\"{&quot;_animation&quot;:&quot;fadeInRight&quot;}\" data-widget_type=\"button.default\">\n\t\t\t\t<div class=\"elementor-widget-container\">\n\t\t\t\t\t\t\t\t\t<div class=\"elementor-button-wrapper\">\n\t\t\t\t\t<a class=\"elementor-button elementor-button-link elementor-size-sm\" href=\"https:\/\/booking.avirato.com\/?code=88002790\" target=\"_blank\">\n\t\t\t\t\t\t<span class=\"elementor-button-content-wrapper\">\n\t\t\t\t\t\t\t\t\t<span class=\"elementor-button-text\">Reserva tu estancia en Portm\u00e1n<\/span>\n\t\t\t\t\t<\/span>\n\t\t\t\t\t<\/a>\n\t\t\t\t<\/div>\n\t\t\t\t\t\t\t\t<\/div>\n\t\t\t\t<\/div>\n\t\t\t\t\t<\/div>\n\t\t\t\t<\/div>\n\t\t<div class=\"elementor-element elementor-element-dfce797 e-flex e-con-boxed e-con e-parent\" data-id=\"dfce797\" data-element_type=\"container\" data-e-type=\"container\">\n\t\t\t\t\t<div class=\"e-con-inner\">\n\t\t<div class=\"elementor-element elementor-element-68fe3f9 e-con-full e-flex e-con e-child\" data-id=\"68fe3f9\" data-element_type=\"container\" data-e-type=\"container\" data-settings=\"{&quot;background_background&quot;:&quot;classic&quot;}\">\n\t\t\t\t<\/div>\n\t\t<div class=\"elementor-element elementor-element-4dd9b7c e-con-full e-flex e-con e-child\" data-id=\"4dd9b7c\" data-element_type=\"container\" data-e-type=\"container\">\n\t\t\t\t<div class=\"elementor-element elementor-element-e7bd8c5 elementor-widget elementor-widget-heading\" data-id=\"e7bd8c5\" data-element_type=\"widget\" data-e-type=\"widget\" data-widget_type=\"heading.default\">\n\t\t\t\t<div class=\"elementor-widget-container\">\n\t\t\t\t\t<h2 class=\"elementor-heading-title elementor-size-default\">Buceo y snorkel<\/h2>\t\t\t\t<\/div>\n\t\t\t\t<\/div>\n\t\t\t\t<div class=\"elementor-element elementor-element-0ad3f9e elementor-widget elementor-widget-text-editor\" data-id=\"0ad3f9e\" data-element_type=\"widget\" data-e-type=\"widget\" data-widget_type=\"text-editor.default\">\n\t\t\t\t<div class=\"elementor-widget-container\">\n\t\t\t\t\t\t\t\t\t<p style=\"text-align: justify;\" data-start=\"220\" data-end=\"588\">Este rinc\u00f3n del Mediterr\u00e1neo es perfecto para los amantes del <strong data-start=\"430\" data-end=\"439\">buceo<\/strong> y el <strong data-start=\"445\" data-end=\"456\">snorkel<\/strong>, que aqu\u00ed encuentran un entorno natural poco masificado, con <strong data-start=\"518\" data-end=\"587\">aguas tranquilas, fondos rocosos y una biodiversidad sorprendente<\/strong>.<\/p><p style=\"text-align: justify;\" data-start=\"590\" data-end=\"985\">Tanto si eres un buceador con experiencia como si es tu primera vez, la bah\u00eda ofrece condiciones ideales para <strong data-start=\"700\" data-end=\"739\">iniciarte o perfeccionar tu t\u00e9cnica<\/strong>, con puntos de inmersi\u00f3n accesibles y escuelas especializadas en la zona. Descubrir\u00e1s <strong data-start=\"826\" data-end=\"928\">pecios, formaciones rocosas, praderas de posidonia y una gran variedad de peces y especies marinas<\/strong>, que convierten cada inmersi\u00f3n en una experiencia \u00fanica.<\/p>\t\t\t\t\t\t\t\t<\/div>\n\t\t\t\t<\/div>\n\t\t\t\t<div class=\"elementor-element elementor-element-3e290d2 elementor-invisible elementor-widget elementor-widget-button\" data-id=\"3e290d2\" data-element_type=\"widget\" data-e-type=\"widget\" data-settings=\"{&quot;_animation&quot;:&quot;fadeInRight&quot;}\" data-widget_type=\"button.default\">\n\t\t\t\t<div class=\"elementor-widget-container\">\n\t\t\t\t\t\t\t\t\t<div class=\"elementor-button-wrapper\">\n\t\t\t\t\t<a class=\"elementor-button elementor-button-link elementor-size-sm\" href=\"https:\/\/hotelportman.com\/en\" target=\"_blank\">\n\t\t\t\t\t\t<span class=\"elementor-button-content-wrapper\">\n\t\t\t\t\t\t\t\t\t<span class=\"elementor-button-text\">Pide m\u00e1s informaci\u00f3n en el Hotel Portm\u00e1n<\/span>\n\t\t\t\t\t<\/span>\n\t\t\t\t\t<\/a>\n\t\t\t\t<\/div>\n\t\t\t\t\t\t\t\t<\/div>\n\t\t\t\t<\/div>\n\t\t\t\t<\/div>\n\t\t\t\t\t<\/div>\n\t\t\t\t<\/div>\n\t\t<div class=\"elementor-element elementor-element-3c58d7e e-flex e-con-boxed e-con e-parent\" data-id=\"3c58d7e\" data-element_type=\"container\" data-e-type=\"container\">\n\t\t\t\t\t<div class=\"e-con-inner\">\n\t\t<div class=\"elementor-element elementor-element-5e8be19 e-con-full e-flex e-con e-child\" data-id=\"5e8be19\" data-element_type=\"container\" data-e-type=\"container\" data-settings=\"{&quot;background_background&quot;:&quot;classic&quot;}\">\n\t\t\t\t<\/div>\n\t\t<div class=\"elementor-element elementor-element-bfc5edb e-con-full e-flex e-con e-child\" data-id=\"bfc5edb\" data-element_type=\"container\" data-e-type=\"container\">\n\t\t\t\t<div class=\"elementor-element elementor-element-6b10e51 elementor-widget elementor-widget-heading\" data-id=\"6b10e51\" data-element_type=\"widget\" data-e-type=\"widget\" data-widget_type=\"heading.default\">\n\t\t\t\t<div class=\"elementor-widget-container\">\n\t\t\t\t\t<h2 class=\"elementor-heading-title elementor-size-default\">Rutas a pie y bicicleta<\/h2>\t\t\t\t<\/div>\n\t\t\t\t<\/div>\n\t\t\t\t<div class=\"elementor-element elementor-element-b5933ac elementor-widget elementor-widget-text-editor\" data-id=\"b5933ac\" data-element_type=\"widget\" data-e-type=\"widget\" data-widget_type=\"text-editor.default\">\n\t\t\t\t<div class=\"elementor-widget-container\">\n\t\t\t\t\t\t\t\t\t<p style=\"text-align: justify;\" data-start=\"312\" data-end=\"591\">La <strong data-start=\"196\" data-end=\"216\">Bah\u00eda de Portm\u00e1n<\/strong>, en pleno Parque Regional de Calblanque, Monte de las Cenizas y Pe\u00f1a del \u00c1guila, es un destino ideal para los amantes del <strong data-start=\"339\" data-end=\"369\">senderismo y la naturaleza<\/strong>. Sus rutas te invitan a caminar entre <strong data-start=\"408\" data-end=\"513\">acantilados con vistas al Mediterr\u00e1neo, pinares, antiguos caminos mineros y fortificaciones militares<\/strong> que narran la historia de esta tierra singular.<\/p>\t\t\t\t\t\t\t\t<\/div>\n\t\t\t\t<\/div>\n\t\t\t\t<div class=\"elementor-element elementor-element-414446c elementor-invisible elementor-widget elementor-widget-button\" data-id=\"414446c\" data-element_type=\"widget\" data-e-type=\"widget\" data-settings=\"{&quot;_animation&quot;:&quot;fadeInRight&quot;}\" data-widget_type=\"button.default\">\n\t\t\t\t<div class=\"elementor-widget-container\">\n\t\t\t\t\t\t\t\t\t<div class=\"elementor-button-wrapper\">\n\t\t\t\t\t<a class=\"elementor-button elementor-button-link elementor-size-sm\" href=\"https:\/\/hotelportman.com\/en\" target=\"_blank\">\n\t\t\t\t\t\t<span class=\"elementor-button-content-wrapper\">\n\t\t\t\t\t\t\t\t\t<span class=\"elementor-button-text\">Pide m\u00e1s informaci\u00f3n en el Hotel Portm\u00e1n<\/span>\n\t\t\t\t\t<\/span>\n\t\t\t\t\t<\/a>\n\t\t\t\t<\/div>\n\t\t\t\t\t\t\t\t<\/div>\n\t\t\t\t<\/div>\n\t\t\t\t<\/div>\n\t\t\t\t\t<\/div>\n\t\t\t\t<\/div>\n\t\t<div class=\"elementor-element elementor-element-20f1ddf e-flex e-con-boxed e-con e-parent\" data-id=\"20f1ddf\" data-element_type=\"container\" data-e-type=\"container\">\n\t\t\t\t\t<div class=\"e-con-inner\">\n\t\t<div class=\"elementor-element elementor-element-a5a586d e-con-full e-flex e-con e-child\" data-id=\"a5a586d\" data-element_type=\"container\" data-e-type=\"container\" data-settings=\"{&quot;background_background&quot;:&quot;classic&quot;}\">\n\t\t\t\t<\/div>\n\t\t<div class=\"elementor-element elementor-element-4f71699 e-con-full e-flex e-con e-child\" data-id=\"4f71699\" data-element_type=\"container\" data-e-type=\"container\">\n\t\t\t\t<div class=\"elementor-element elementor-element-618b391 elementor-widget elementor-widget-heading\" data-id=\"618b391\" data-element_type=\"widget\" data-e-type=\"widget\" data-widget_type=\"heading.default\">\n\t\t\t\t<div class=\"elementor-widget-container\">\n\t\t\t\t\t<h2 class=\"elementor-heading-title elementor-size-default\">Paseos a caballo<\/h2>\t\t\t\t<\/div>\n\t\t\t\t<\/div>\n\t\t\t\t<div class=\"elementor-element elementor-element-37854a3 elementor-widget elementor-widget-text-editor\" data-id=\"37854a3\" data-element_type=\"widget\" data-e-type=\"widget\" data-widget_type=\"text-editor.default\">\n\t\t\t\t<div class=\"elementor-widget-container\">\n\t\t\t\t\t\t\t\t\t<p style=\"text-align: justify;\" data-start=\"228\" data-end=\"608\">A lomos de un caballo, el paisaje se transforma: los senderos entre pinares, colinas y antiguas minas se recorren con calma, permiti\u00e9ndote <strong data-start=\"518\" data-end=\"607\">disfrutar del silencio, del aire puro y de unas vistas espectaculares al Mediterr\u00e1neo<\/strong>.<\/p><p style=\"text-align: justify;\" data-start=\"610\" data-end=\"1049\">Las rutas a caballo est\u00e1n pensadas para todos los p\u00fablicos, tanto si eres principiante como si tienes experiencia. Acompa\u00f1ado de gu\u00edas expertos, podr\u00e1s recorrer antiguos caminos mineros, bordear los acantilados con total seguridad y adentrarte en zonas del parque natural que parecen detenidas en el tiempo.\u00a0<\/p>\t\t\t\t\t\t\t\t<\/div>\n\t\t\t\t<\/div>\n\t\t\t\t<div class=\"elementor-element elementor-element-3e18c36 elementor-invisible elementor-widget elementor-widget-button\" data-id=\"3e18c36\" data-element_type=\"widget\" data-e-type=\"widget\" data-settings=\"{&quot;_animation&quot;:&quot;fadeInRight&quot;}\" data-widget_type=\"button.default\">\n\t\t\t\t<div class=\"elementor-widget-container\">\n\t\t\t\t\t\t\t\t\t<div class=\"elementor-button-wrapper\">\n\t\t\t\t\t<a class=\"elementor-button elementor-button-link elementor-size-sm\" href=\"https:\/\/hotelportman.com\/en\" target=\"_blank\">\n\t\t\t\t\t\t<span class=\"elementor-button-content-wrapper\">\n\t\t\t\t\t\t\t\t\t<span class=\"elementor-button-text\">Pide m\u00e1s informaci\u00f3n en el Hotel Portm\u00e1n<\/span>\n\t\t\t\t\t<\/span>\n\t\t\t\t\t<\/a>\n\t\t\t\t<\/div>\n\t\t\t\t\t\t\t\t<\/div>\n\t\t\t\t<\/div>\n\t\t\t\t<\/div>\n\t\t\t\t\t<\/div>\n\t\t\t\t<\/div>\n\t\t\t\t<\/div>\n\t\t","protected":false},"excerpt":{"rendered":"<p>Actividades en Portm\u00e1n Reserva ya tu estancia en Hotel Portm\u00e1n Aventura, naturaleza e historia en un entorno \u00fanico Disfruta de un sinf\u00edn de actividades en Portm\u00e1n La Bah\u00eda de Portm\u00e1n, situada en el coraz\u00f3n de la Sierra Minera de La Uni\u00f3n, es mucho m\u00e1s que un paisaje espectacular junto al mar. Es un destino lleno [&hellip;]<\/p>\n","protected":false},"author":1,"featured_media":0,"parent":0,"menu_order":0,"comment_status":"closed","ping_status":"closed","template":"elementor_header_footer","meta":{"footnotes":""},"class_list":["post-1450","page","type-page","status-publish","hentry"],"_links":{"self":[{"href":"https:\/\/hotelportman.com\/en\/wp-json\/wp\/v2\/pages\/1450","targetHints":{"allow":["GET"]}}],"collection":[{"href":"https:\/\/hotelportman.com\/en\/wp-json\/wp\/v2\/pages"}],"about":[{"href":"https:\/\/hotelportman.com\/en\/wp-json\/wp\/v2\/types\/page"}],"author":[{"embeddable":true,"href":"https:\/\/hotelportman.com\/en\/wp-json\/wp\/v2\/users\/1"}],"replies":[{"embeddable":true,"href":"https:\/\/hotelportman.com\/en\/wp-json\/wp\/v2\/comments?post=1450"}],"version-history":[{"count":37,"href":"https:\/\/hotelportman.com\/en\/wp-json\/wp\/v2\/pages\/1450\/revisions"}],"predecessor-version":[{"id":1574,"href":"https:\/\/hotelportman.com\/en\/wp-json\/wp\/v2\/pages\/1450\/revisions\/1574"}],"wp:attachment":[{"href":"https:\/\/hotelportman.com\/en\/wp-json\/wp\/v2\/media?parent=1450"}],"curies":[{"name":"wp","href":"https:\/\/api.w.org\/{rel}","templated":true}]}}