{"id":1179,"date":"2025-05-01T19:00:54","date_gmt":"2025-05-01T17:00:54","guid":{"rendered":"https:\/\/hotelportman.com\/?page_id=1179"},"modified":"2025-05-26T10:23:11","modified_gmt":"2025-05-26T08:23:11","slug":"la-terraza-de-valentina","status":"publish","type":"page","link":"https:\/\/hotelportman.com\/en\/la-terraza-de-valentina\/","title":{"rendered":"La Terraza de Valentina"},"content":{"rendered":"\t\t<div data-elementor-type=\"wp-page\" data-elementor-id=\"1179\" class=\"elementor elementor-1179\" data-elementor-post-type=\"page\">\n\t\t\t\t<div class=\"elementor-element elementor-element-40f6892 e-flex e-con-boxed e-con e-parent\" data-id=\"40f6892\" data-element_type=\"container\" data-e-type=\"container\" data-settings=\"{&quot;background_background&quot;:&quot;classic&quot;}\">\n\t\t\t\t\t<div class=\"e-con-inner\">\n\t\t\t\t<div class=\"elementor-element elementor-element-38148db elementor-widget elementor-widget-heading\" data-id=\"38148db\" data-element_type=\"widget\" data-e-type=\"widget\" data-widget_type=\"heading.default\">\n\t\t\t\t<div class=\"elementor-widget-container\">\n\t\t\t\t\t<h1 class=\"elementor-heading-title elementor-size-default\">La terraza de <b>Valentina<\/b><\/h1>\t\t\t\t<\/div>\n\t\t\t\t<\/div>\n\t\t\t\t<div class=\"elementor-element elementor-element-c8ad062 elementor-widget elementor-widget-button\" data-id=\"c8ad062\" data-element_type=\"widget\" data-e-type=\"widget\" data-widget_type=\"button.default\">\n\t\t\t\t<div class=\"elementor-widget-container\">\n\t\t\t\t\t\t\t\t\t<div class=\"elementor-button-wrapper\">\n\t\t\t\t\t<a class=\"elementor-button elementor-button-link elementor-size-sm\" href=\"tel:+34%20621%2028%2084%2030\" target=\"_blank\">\n\t\t\t\t\t\t<span class=\"elementor-button-content-wrapper\">\n\t\t\t\t\t\t\t\t\t<span class=\"elementor-button-text\">Contacta con nosotros<\/span>\n\t\t\t\t\t<\/span>\n\t\t\t\t\t<\/a>\n\t\t\t\t<\/div>\n\t\t\t\t\t\t\t\t<\/div>\n\t\t\t\t<\/div>\n\t\t\t\t\t<\/div>\n\t\t\t\t<\/div>\n\t\t<div class=\"elementor-element elementor-element-8507190 e-flex e-con-boxed e-con e-parent\" data-id=\"8507190\" data-element_type=\"container\" data-e-type=\"container\">\n\t\t\t\t\t<div class=\"e-con-inner\">\n\t\t\t\t<div class=\"elementor-element elementor-element-4ee597a elementor-widget__width-initial elementor-widget elementor-widget-image\" data-id=\"4ee597a\" data-element_type=\"widget\" data-e-type=\"widget\" data-widget_type=\"image.default\">\n\t\t\t\t<div class=\"elementor-widget-container\">\n\t\t\t\t\t\t\t\t\t\t\t\t\t\t\t<img fetchpriority=\"high\" decoding=\"async\" width=\"512\" height=\"512\" src=\"https:\/\/hotelportman.com\/en\/wp-content\/uploads\/sites\/2\/logo-La-Terraza-de-Valentina.webp\" class=\"attachment-large size-large wp-image-1329\" alt=\"logo La Terraza de Valentina\" \/>\t\t\t\t\t\t\t\t\t\t\t\t\t\t\t<\/div>\n\t\t\t\t<\/div>\n\t\t\t\t<div class=\"elementor-element elementor-element-9f32a26 elementor-widget elementor-widget-heading\" data-id=\"9f32a26\" data-element_type=\"widget\" data-e-type=\"widget\" data-widget_type=\"heading.default\">\n\t\t\t\t<div class=\"elementor-widget-container\">\n\t\t\t\t\t<h2 class=\"elementor-heading-title elementor-size-default\">Gastronom\u00eda mediterr\u00e1nea con vistas a la bah\u00eda<\/h2>\t\t\t\t<\/div>\n\t\t\t\t<\/div>\n\t\t\t\t<div class=\"elementor-element elementor-element-028cef8 elementor-widget elementor-widget-heading\" data-id=\"028cef8\" data-element_type=\"widget\" data-e-type=\"widget\" data-widget_type=\"heading.default\">\n\t\t\t\t<div class=\"elementor-widget-container\">\n\t\t\t\t\t<h2 class=\"elementor-heading-title elementor-size-default\">Cocina mediterr\u00e1nea en <b>la terraza de Valentina<\/b><\/h2>\t\t\t\t<\/div>\n\t\t\t\t<\/div>\n\t\t\t\t<div class=\"elementor-element elementor-element-3ce1ea8 elementor-widget__width-initial elementor-widget elementor-widget-text-editor\" data-id=\"3ce1ea8\" data-element_type=\"widget\" data-e-type=\"widget\" data-widget_type=\"text-editor.default\">\n\t\t\t\t<div class=\"elementor-widget-container\">\n\t\t\t\t\t\t\t\t\t<p class=\"\" style=\"text-align: center;\" data-start=\"145\" data-end=\"532\">el Hotel Portm\u00e1n revela su nueva joya, una terraza recientemente reformada, dise\u00f1ada con gusto exquisito y pensada para cautivar los sentidos. Con vistas panor\u00e1micas a la bah\u00eda de Portm\u00e1n, este espacio se convierte en un aut\u00e9ntico balc\u00f3n al Mediterr\u00e1neo, donde cada atardecer pinta el cielo con tonos c\u00e1lidos y dorados, creando el escenario perfecto para momentos verdaderamente m\u00e1gicos.<\/p><p class=\"\" style=\"text-align: center;\" data-start=\"1153\" data-end=\"1325\">Ya sea para una velada \u00edntima o para celebrar un evento especial, la terraza del Hotel Portm\u00e1n es el lugar donde los recuerdos cobran vida al ritmo del mar y la buena mesa.<\/p>\t\t\t\t\t\t\t\t<\/div>\n\t\t\t\t<\/div>\n\t\t\t\t<div class=\"elementor-element elementor-element-08ab91c elementor-align-center elementor-invisible elementor-widget elementor-widget-button\" data-id=\"08ab91c\" data-element_type=\"widget\" data-e-type=\"widget\" data-settings=\"{&quot;_animation&quot;:&quot;fadeInRight&quot;}\" data-widget_type=\"button.default\">\n\t\t\t\t<div class=\"elementor-widget-container\">\n\t\t\t\t\t\t\t\t\t<div class=\"elementor-button-wrapper\">\n\t\t\t\t\t<a class=\"elementor-button elementor-button-link elementor-size-sm\" href=\"tel:+34%20621%2028%2084%2030\" target=\"_blank\">\n\t\t\t\t\t\t<span class=\"elementor-button-content-wrapper\">\n\t\t\t\t\t\t\t\t\t<span class=\"elementor-button-text\">Reserva ya en nuestra terraza<\/span>\n\t\t\t\t\t<\/span>\n\t\t\t\t\t<\/a>\n\t\t\t\t<\/div>\n\t\t\t\t\t\t\t\t<\/div>\n\t\t\t\t<\/div>\n\t\t\t\t\t<\/div>\n\t\t\t\t<\/div>\n\t\t<div class=\"elementor-element elementor-element-dfce797 e-flex e-con-boxed e-con e-parent\" data-id=\"dfce797\" data-element_type=\"container\" data-e-type=\"container\">\n\t\t\t\t\t<div class=\"e-con-inner\">\n\t\t<div class=\"elementor-element elementor-element-4c3b1bd e-con-full e-flex e-con e-child\" data-id=\"4c3b1bd\" data-element_type=\"container\" data-e-type=\"container\">\n\t\t\t\t<div class=\"elementor-element elementor-element-85c61e7 elementor-widget elementor-widget-image\" data-id=\"85c61e7\" data-element_type=\"widget\" data-e-type=\"widget\" data-widget_type=\"image.default\">\n\t\t\t\t<div class=\"elementor-widget-container\">\n\t\t\t\t\t\t\t\t\t\t\t\t\t\t\t\t<a href=\"https:\/\/hotelportman.com\/wp-content\/uploads\/Rincon-para-2-en-la-Terraza-de-Valentina.webp\" data-elementor-open-lightbox=\"yes\" data-elementor-lightbox-title=\"Rinc\u00f3n para 2 en la Terraza de Valentina\" data-elementor-lightbox-description=\"Rinc\u00f3n para 2 en la Terraza de Valentina\" data-e-action-hash=\"#elementor-action%3Aaction%3Dlightbox%26settings%3DeyJpZCI6MTE5NywidXJsIjoiaHR0cHM6XC9cL2hvdGVscG9ydG1hbi5jb21cL2VuXC93cC1jb250ZW50XC91cGxvYWRzXC9zaXRlc1wvMlwvUmluY29uLXBhcmEtMi1lbi1sYS1UZXJyYXphLWRlLVZhbGVudGluYS53ZWJwIn0%3D\">\n\t\t\t\t\t\t\t<img decoding=\"async\" width=\"1000\" height=\"750\" src=\"https:\/\/hotelportman.com\/en\/wp-content\/uploads\/sites\/2\/Rincon-para-2-en-la-Terraza-de-Valentina.webp\" class=\"attachment-large size-large wp-image-1197\" alt=\"Rinc\u00f3n para 2 en la Terraza de Valentina\" srcset=\"https:\/\/hotelportman.com\/en\/wp-content\/uploads\/sites\/2\/Rincon-para-2-en-la-Terraza-de-Valentina.webp 1000w, https:\/\/hotelportman.com\/en\/wp-content\/uploads\/sites\/2\/Rincon-para-2-en-la-Terraza-de-Valentina-768x576.webp 768w\" sizes=\"(max-width: 1000px) 100vw, 1000px\" \/>\t\t\t\t\t\t\t\t<\/a>\n\t\t\t\t\t\t\t\t\t\t\t\t\t\t\t<\/div>\n\t\t\t\t<\/div>\n\t\t\t\t<\/div>\n\t\t<div class=\"elementor-element elementor-element-0ccc65f e-con-full e-flex e-con e-child\" data-id=\"0ccc65f\" data-element_type=\"container\" data-e-type=\"container\">\n\t\t\t\t<div class=\"elementor-element elementor-element-ed8c94c elementor-widget elementor-widget-image\" data-id=\"ed8c94c\" data-element_type=\"widget\" data-e-type=\"widget\" data-widget_type=\"image.default\">\n\t\t\t\t<div class=\"elementor-widget-container\">\n\t\t\t\t\t\t\t\t\t\t\t\t\t\t\t\t<a href=\"https:\/\/hotelportman.com\/wp-content\/uploads\/Coctel-en-la-terraza-de-Valentina.webp\" data-elementor-open-lightbox=\"yes\" data-elementor-lightbox-title=\"Coctel en la terraza de Valentina\" data-elementor-lightbox-description=\"Coctel en la terraza de Valentina\" data-e-action-hash=\"#elementor-action%3Aaction%3Dlightbox%26settings%3DeyJpZCI6MTE5OCwidXJsIjoiaHR0cHM6XC9cL2hvdGVscG9ydG1hbi5jb21cL2VuXC93cC1jb250ZW50XC91cGxvYWRzXC9zaXRlc1wvMlwvQ29jdGVsLWVuLWxhLXRlcnJhemEtZGUtVmFsZW50aW5hLndlYnAifQ%3D%3D\">\n\t\t\t\t\t\t\t<img decoding=\"async\" width=\"1000\" height=\"750\" src=\"https:\/\/hotelportman.com\/en\/wp-content\/uploads\/sites\/2\/Coctel-en-la-terraza-de-Valentina.webp\" class=\"attachment-large size-large wp-image-1198\" alt=\"Coctel en la terraza de Valentina\" srcset=\"https:\/\/hotelportman.com\/en\/wp-content\/uploads\/sites\/2\/Coctel-en-la-terraza-de-Valentina.webp 1000w, https:\/\/hotelportman.com\/en\/wp-content\/uploads\/sites\/2\/Coctel-en-la-terraza-de-Valentina-768x576.webp 768w\" sizes=\"(max-width: 1000px) 100vw, 1000px\" \/>\t\t\t\t\t\t\t\t<\/a>\n\t\t\t\t\t\t\t\t\t\t\t\t\t\t\t<\/div>\n\t\t\t\t<\/div>\n\t\t\t\t<\/div>\n\t\t<div class=\"elementor-element elementor-element-33d5c74 e-con-full e-flex e-con e-child\" data-id=\"33d5c74\" data-element_type=\"container\" data-e-type=\"container\">\n\t\t\t\t<div class=\"elementor-element elementor-element-aa105b5 elementor-widget elementor-widget-image\" data-id=\"aa105b5\" data-element_type=\"widget\" data-e-type=\"widget\" data-widget_type=\"image.default\">\n\t\t\t\t<div class=\"elementor-widget-container\">\n\t\t\t\t\t\t\t\t\t\t\t\t\t\t\t\t<a href=\"https:\/\/hotelportman.com\/wp-content\/uploads\/Evento-en-terraza-de-Portman-noche.webp\" data-elementor-open-lightbox=\"yes\" data-elementor-lightbox-title=\"Evento en terraza de Portm\u00e1n noche\" data-elementor-lightbox-description=\"Evento en terraza de Portm\u00e1n noche\" data-e-action-hash=\"#elementor-action%3Aaction%3Dlightbox%26settings%3DeyJpZCI6MTE0MywidXJsIjoiaHR0cHM6XC9cL2hvdGVscG9ydG1hbi5jb21cL2VuXC93cC1jb250ZW50XC91cGxvYWRzXC9zaXRlc1wvMlwvRXZlbnRvLWVuLXRlcnJhemEtZGUtUG9ydG1hbi1ub2NoZS53ZWJwIn0%3D\">\n\t\t\t\t\t\t\t<img loading=\"lazy\" decoding=\"async\" width=\"1000\" height=\"750\" src=\"https:\/\/hotelportman.com\/en\/wp-content\/uploads\/sites\/2\/Evento-en-terraza-de-Portman-noche.webp\" class=\"attachment-large size-large wp-image-1143\" alt=\"Evento en terraza de Portm\u00e1n noche\" srcset=\"https:\/\/hotelportman.com\/en\/wp-content\/uploads\/sites\/2\/Evento-en-terraza-de-Portman-noche.webp 1000w, https:\/\/hotelportman.com\/en\/wp-content\/uploads\/sites\/2\/Evento-en-terraza-de-Portman-noche-768x576.webp 768w\" sizes=\"(max-width: 1000px) 100vw, 1000px\" \/>\t\t\t\t\t\t\t\t<\/a>\n\t\t\t\t\t\t\t\t\t\t\t\t\t\t\t<\/div>\n\t\t\t\t<\/div>\n\t\t\t\t<\/div>\n\t\t\t\t\t<\/div>\n\t\t\t\t<\/div>\n\t\t<div class=\"elementor-element elementor-element-eb871c7 e-flex e-con-boxed e-con e-parent\" data-id=\"eb871c7\" data-element_type=\"container\" data-e-type=\"container\">\n\t\t\t\t\t<div class=\"e-con-inner\">\n\t\t<div class=\"elementor-element elementor-element-fd1d88c e-con-full e-flex e-con e-child\" data-id=\"fd1d88c\" data-element_type=\"container\" data-e-type=\"container\" data-settings=\"{&quot;background_background&quot;:&quot;classic&quot;}\">\n\t\t\t\t<div class=\"elementor-element elementor-element-e7bd8c5 elementor-widget elementor-widget-heading\" data-id=\"e7bd8c5\" data-element_type=\"widget\" data-e-type=\"widget\" data-widget_type=\"heading.default\">\n\t\t\t\t<div class=\"elementor-widget-container\">\n\t\t\t\t\t<h2 class=\"elementor-heading-title elementor-size-default\">Una terraza m\u00e1gica sobre la bah\u00eda de Portm\u00e1n<\/h2>\t\t\t\t<\/div>\n\t\t\t\t<\/div>\n\t\t\t\t<\/div>\n\t\t<div class=\"elementor-element elementor-element-f3524dc e-con-full e-flex e-con e-child\" data-id=\"f3524dc\" data-element_type=\"container\" data-e-type=\"container\">\n\t\t\t\t<div class=\"elementor-element elementor-element-0ad3f9e elementor-widget elementor-widget-text-editor\" data-id=\"0ad3f9e\" data-element_type=\"widget\" data-e-type=\"widget\" data-widget_type=\"text-editor.default\">\n\t\t\t\t<div class=\"elementor-widget-container\">\n\t\t\t\t\t\t\t\t\t<p class=\"\" style=\"text-align: justify;\" data-start=\"628\" data-end=\"1051\">Desde una copa al anochecer hasta una cena rom\u00e1ntica bajo las estrellas, nuestra terraza es el lugar ideal para desconectar, celebrar o simplemente dejarse llevar por la belleza del entorno. Aqu\u00ed, el tiempo se detiene mientras el horizonte se funde con el mar y la brisa marina acompa\u00f1a cada conversaci\u00f3n.<\/p><p style=\"text-align: justify;\" data-start=\"628\" data-end=\"1051\">La experiencia se completa con una propuesta gastron\u00f3mica fiel a la tradici\u00f3n: aut\u00e9ntica cocina italiana elaborada con ingredientes frescos y pasi\u00f3n en cada plato. Pizzas artesanales, embutidos y quesos italianos, vinos seleccionados y postres irresistibles componen una carta pensada para conquistar todos los sentidos.<\/p>\t\t\t\t\t\t\t\t<\/div>\n\t\t\t\t<\/div>\n\t\t\t\t<div class=\"elementor-element elementor-element-a216152 elementor-widget elementor-widget-button\" data-id=\"a216152\" data-element_type=\"widget\" data-e-type=\"widget\" data-widget_type=\"button.default\">\n\t\t\t\t<div class=\"elementor-widget-container\">\n\t\t\t\t\t\t\t\t\t<div class=\"elementor-button-wrapper\">\n\t\t\t\t\t<a class=\"elementor-button elementor-button-link elementor-size-sm\" href=\"tel:+34%20621%2028%2084%2030\" target=\"_blank\">\n\t\t\t\t\t\t<span class=\"elementor-button-content-wrapper\">\n\t\t\t\t\t\t\t\t\t<span class=\"elementor-button-text\">Contactar<\/span>\n\t\t\t\t\t<\/span>\n\t\t\t\t\t<\/a>\n\t\t\t\t<\/div>\n\t\t\t\t\t\t\t\t<\/div>\n\t\t\t\t<\/div>\n\t\t\t\t<\/div>\n\t\t\t\t\t<\/div>\n\t\t\t\t<\/div>\n\t\t<div class=\"elementor-element elementor-element-303ebfc e-con-full e-flex e-con e-parent\" data-id=\"303ebfc\" data-element_type=\"container\" data-e-type=\"container\" data-settings=\"{&quot;background_background&quot;:&quot;classic&quot;}\">\n\t\t\t\t<div class=\"elementor-element elementor-element-687486d elementor-cta--skin-cover elementor-animated-content elementor-bg-transform elementor-bg-transform-zoom-in elementor-widget elementor-widget-call-to-action\" data-id=\"687486d\" data-element_type=\"widget\" data-e-type=\"widget\" data-widget_type=\"call-to-action.default\">\n\t\t\t\t<div class=\"elementor-widget-container\">\n\t\t\t\t\t\t\t<div class=\"elementor-cta\">\n\t\t\t\t\t<div class=\"elementor-cta__bg-wrapper\">\n\t\t\t\t<div class=\"elementor-cta__bg elementor-bg\" style=\"background-image: url(https:\/\/hotelportman.com\/en\/wp-content\/uploads\/sites\/2\/Celebracion-de-Eventos-en-Hotel-Portman-Murcia.webp);\" role=\"img\" aria-label=\"Celebraci\u00f3n de Eventos en Hotel Portm\u00e1n Murcia\"><\/div>\n\t\t\t\t<div class=\"elementor-cta__bg-overlay\"><\/div>\n\t\t\t<\/div>\n\t\t\t\t\t\t\t<div class=\"elementor-cta__content\">\n\t\t\t\t\n\t\t\t\t\t\t\t\t\t<h2 class=\"elementor-cta__title elementor-cta__content-item elementor-content-item elementor-animated-item--grow\">\n\t\t\t\t\t\tVen a Celebrar momentos especiales\t\t\t\t\t<\/h2>\n\t\t\t\t\n\t\t\t\t\n\t\t\t\t\t\t\t\t\t<div class=\"elementor-cta__button-wrapper elementor-cta__content-item elementor-content-item elementor-animated-item--grow\">\n\t\t\t\t\t<a class=\"elementor-cta__button elementor-button elementor-size-\" href=\"https:\/\/hotelportman.com\/en\/eventos-portman\/\">\n\t\t\t\t\t\tver Eventos\t\t\t\t\t<\/a>\n\t\t\t\t\t<\/div>\n\t\t\t\t\t\t\t<\/div>\n\t\t\t\t\t\t<\/div>\n\t\t\t\t\t\t<\/div>\n\t\t\t\t<\/div>\n\t\t\t\t<\/div>\n\t\t\t\t<\/div>\n\t\t","protected":false},"excerpt":{"rendered":"<p>La terraza de Valentina Contacta con nosotros Gastronom\u00eda mediterr\u00e1nea con vistas a la bah\u00eda Cocina mediterr\u00e1nea en la terraza de Valentina el Hotel Portm\u00e1n revela su nueva joya, una terraza recientemente reformada, dise\u00f1ada con gusto exquisito y pensada para cautivar los sentidos. Con vistas panor\u00e1micas a la bah\u00eda de Portm\u00e1n, este espacio se convierte en [&hellip;]<\/p>\n","protected":false},"author":1,"featured_media":0,"parent":0,"menu_order":0,"comment_status":"closed","ping_status":"closed","template":"elementor_header_footer","meta":{"footnotes":""},"class_list":["post-1179","page","type-page","status-publish","hentry"],"_links":{"self":[{"href":"https:\/\/hotelportman.com\/en\/wp-json\/wp\/v2\/pages\/1179","targetHints":{"allow":["GET"]}}],"collection":[{"href":"https:\/\/hotelportman.com\/en\/wp-json\/wp\/v2\/pages"}],"about":[{"href":"https:\/\/hotelportman.com\/en\/wp-json\/wp\/v2\/types\/page"}],"author":[{"embeddable":true,"href":"https:\/\/hotelportman.com\/en\/wp-json\/wp\/v2\/users\/1"}],"replies":[{"embeddable":true,"href":"https:\/\/hotelportman.com\/en\/wp-json\/wp\/v2\/comments?post=1179"}],"version-history":[{"count":64,"href":"https:\/\/hotelportman.com\/en\/wp-json\/wp\/v2\/pages\/1179\/revisions"}],"predecessor-version":[{"id":1571,"href":"https:\/\/hotelportman.com\/en\/wp-json\/wp\/v2\/pages\/1179\/revisions\/1571"}],"wp:attachment":[{"href":"https:\/\/hotelportman.com\/en\/wp-json\/wp\/v2\/media?parent=1179"}],"curies":[{"name":"wp","href":"https:\/\/api.w.org\/{rel}","templated":true}]}}