{"id":1079,"date":"2025-05-01T13:36:54","date_gmt":"2025-05-01T11:36:54","guid":{"rendered":"https:\/\/hotelportman.com\/?page_id=1079"},"modified":"2025-05-26T10:22:02","modified_gmt":"2025-05-26T08:22:02","slug":"eventos-portman","status":"publish","type":"page","link":"https:\/\/hotelportman.com\/en\/eventos-portman\/","title":{"rendered":"Eventos Portm\u00e1n"},"content":{"rendered":"\t\t<div data-elementor-type=\"wp-page\" data-elementor-id=\"1079\" class=\"elementor elementor-1079\" data-elementor-post-type=\"page\">\n\t\t\t\t<div class=\"elementor-element elementor-element-40f6892 e-flex e-con-boxed e-con e-parent\" data-id=\"40f6892\" data-element_type=\"container\" data-e-type=\"container\" data-settings=\"{&quot;background_background&quot;:&quot;classic&quot;}\">\n\t\t\t\t\t<div class=\"e-con-inner\">\n\t\t\t\t<div class=\"elementor-element elementor-element-38148db elementor-widget elementor-widget-heading\" data-id=\"38148db\" data-element_type=\"widget\" data-e-type=\"widget\" data-widget_type=\"heading.default\">\n\t\t\t\t<div class=\"elementor-widget-container\">\n\t\t\t\t\t<h1 class=\"elementor-heading-title elementor-size-default\"><b>Eventos<\/b> Portm\u00e1n<\/h1>\t\t\t\t<\/div>\n\t\t\t\t<\/div>\n\t\t\t\t<div class=\"elementor-element elementor-element-ab0e0e9 elementor-widget elementor-widget-button\" data-id=\"ab0e0e9\" data-element_type=\"widget\" data-e-type=\"widget\" data-widget_type=\"button.default\">\n\t\t\t\t<div class=\"elementor-widget-container\">\n\t\t\t\t\t\t\t\t\t<div class=\"elementor-button-wrapper\">\n\t\t\t\t\t<a class=\"elementor-button elementor-button-link elementor-size-sm\" href=\"tel:+34%20621%2028%2084%2030\" target=\"_blank\">\n\t\t\t\t\t\t<span class=\"elementor-button-content-wrapper\">\n\t\t\t\t\t\t\t\t\t<span class=\"elementor-button-text\">Contacta con nosotros<\/span>\n\t\t\t\t\t<\/span>\n\t\t\t\t\t<\/a>\n\t\t\t\t<\/div>\n\t\t\t\t\t\t\t\t<\/div>\n\t\t\t\t<\/div>\n\t\t\t\t\t<\/div>\n\t\t\t\t<\/div>\n\t\t<div class=\"elementor-element elementor-element-8507190 e-flex e-con-boxed e-con e-parent\" data-id=\"8507190\" data-element_type=\"container\" data-e-type=\"container\">\n\t\t\t\t\t<div class=\"e-con-inner\">\n\t\t\t\t<div class=\"elementor-element elementor-element-9f32a26 elementor-widget elementor-widget-heading\" data-id=\"9f32a26\" data-element_type=\"widget\" data-e-type=\"widget\" data-widget_type=\"heading.default\">\n\t\t\t\t<div class=\"elementor-widget-container\">\n\t\t\t\t\t<h2 class=\"elementor-heading-title elementor-size-default\">Experiencias inolvidables en nuestra terraza<\/h2>\t\t\t\t<\/div>\n\t\t\t\t<\/div>\n\t\t\t\t<div class=\"elementor-element elementor-element-028cef8 elementor-widget elementor-widget-heading\" data-id=\"028cef8\" data-element_type=\"widget\" data-e-type=\"widget\" data-widget_type=\"heading.default\">\n\t\t\t\t<div class=\"elementor-widget-container\">\n\t\t\t\t\t<h2 class=\"elementor-heading-title elementor-size-default\">Celebra tu <b>evento<\/b> en Portm\u00e1n<\/h2>\t\t\t\t<\/div>\n\t\t\t\t<\/div>\n\t\t\t\t<div class=\"elementor-element elementor-element-3ce1ea8 elementor-widget__width-initial elementor-widget elementor-widget-text-editor\" data-id=\"3ce1ea8\" data-element_type=\"widget\" data-e-type=\"widget\" data-widget_type=\"text-editor.default\">\n\t\t\t\t<div class=\"elementor-widget-container\">\n\t\t\t\t\t\t\t\t\t<p style=\"text-align: center;\">Descubre el lugar perfecto para tus mejores momentos, nuestra exclusiva terraza con vistas al Mediterr\u00e1neo se convierte en el tel\u00f3n de fondo ideal para cualquier evento. Desde puestas de sol vibrantes hasta noches estrelladas ba\u00f1adas por la brisa marina, este espacio ha sido dise\u00f1ado para ofrecer una experiencia sensorial \u00fanica que combina elegancia, confort y naturaleza.<\/p>\t\t\t\t\t\t\t\t<\/div>\n\t\t\t\t<\/div>\n\t\t\t\t<div class=\"elementor-element elementor-element-f17a06b elementor-align-center elementor-invisible elementor-widget elementor-widget-button\" data-id=\"f17a06b\" data-element_type=\"widget\" data-e-type=\"widget\" data-settings=\"{&quot;_animation&quot;:&quot;fadeInRight&quot;}\" data-widget_type=\"button.default\">\n\t\t\t\t<div class=\"elementor-widget-container\">\n\t\t\t\t\t\t\t\t\t<div class=\"elementor-button-wrapper\">\n\t\t\t\t\t<a class=\"elementor-button elementor-button-link elementor-size-sm\" href=\"tel:+34%20621%2028%2084%2030\" target=\"_blank\">\n\t\t\t\t\t\t<span class=\"elementor-button-content-wrapper\">\n\t\t\t\t\t\t\t\t\t<span class=\"elementor-button-text\">Reserva tu espacio para un evento<\/span>\n\t\t\t\t\t<\/span>\n\t\t\t\t\t<\/a>\n\t\t\t\t<\/div>\n\t\t\t\t\t\t\t\t<\/div>\n\t\t\t\t<\/div>\n\t\t\t\t\t<\/div>\n\t\t\t\t<\/div>\n\t\t<div class=\"elementor-element elementor-element-dfce797 e-flex e-con-boxed e-con e-parent\" data-id=\"dfce797\" data-element_type=\"container\" data-e-type=\"container\">\n\t\t\t\t\t<div class=\"e-con-inner\">\n\t\t<div class=\"elementor-element elementor-element-4c3b1bd e-con-full e-flex e-con e-child\" data-id=\"4c3b1bd\" data-element_type=\"container\" data-e-type=\"container\">\n\t\t\t\t<div class=\"elementor-element elementor-element-85c61e7 elementor-widget elementor-widget-image\" data-id=\"85c61e7\" data-element_type=\"widget\" data-e-type=\"widget\" data-widget_type=\"image.default\">\n\t\t\t\t<div class=\"elementor-widget-container\">\n\t\t\t\t\t\t\t\t\t\t\t\t\t\t\t\t<a href=\"https:\/\/hotelportman.com\/wp-content\/uploads\/Evento-en-terraza-de-Portman.webp\" data-elementor-open-lightbox=\"yes\" data-elementor-lightbox-title=\"Evento en terraza de Portm\u00e1n\" data-elementor-lightbox-description=\"Evento en terraza de Portm\u00e1n\" data-e-action-hash=\"#elementor-action%3Aaction%3Dlightbox%26settings%3DeyJpZCI6MTE0MSwidXJsIjoiaHR0cHM6XC9cL2hvdGVscG9ydG1hbi5jb21cL2VuXC93cC1jb250ZW50XC91cGxvYWRzXC9zaXRlc1wvMlwvRXZlbnRvLWVuLXRlcnJhemEtZGUtUG9ydG1hbi53ZWJwIn0%3D\">\n\t\t\t\t\t\t\t<img fetchpriority=\"high\" decoding=\"async\" width=\"1000\" height=\"750\" src=\"https:\/\/hotelportman.com\/en\/wp-content\/uploads\/sites\/2\/Evento-en-terraza-de-Portman.webp\" class=\"attachment-large size-large wp-image-1141\" alt=\"Evento en terraza de Portm\u00e1n\" srcset=\"https:\/\/hotelportman.com\/en\/wp-content\/uploads\/sites\/2\/Evento-en-terraza-de-Portman.webp 1000w, https:\/\/hotelportman.com\/en\/wp-content\/uploads\/sites\/2\/Evento-en-terraza-de-Portman-768x576.webp 768w\" sizes=\"(max-width: 1000px) 100vw, 1000px\" \/>\t\t\t\t\t\t\t\t<\/a>\n\t\t\t\t\t\t\t\t\t\t\t\t\t\t\t<\/div>\n\t\t\t\t<\/div>\n\t\t\t\t<\/div>\n\t\t<div class=\"elementor-element elementor-element-0ccc65f e-con-full e-flex e-con e-child\" data-id=\"0ccc65f\" data-element_type=\"container\" data-e-type=\"container\">\n\t\t\t\t<div class=\"elementor-element elementor-element-ed8c94c elementor-widget elementor-widget-image\" data-id=\"ed8c94c\" data-element_type=\"widget\" data-e-type=\"widget\" data-widget_type=\"image.default\">\n\t\t\t\t<div class=\"elementor-widget-container\">\n\t\t\t\t\t\t\t\t\t\t\t\t\t\t\t\t<a href=\"https:\/\/hotelportman.com\/wp-content\/uploads\/Terraza-para-eventos-de-Hotel-Portman.webp\" data-elementor-open-lightbox=\"yes\" data-elementor-lightbox-title=\"Terraza para eventos de Hotel Portm\u00e1n\" data-elementor-lightbox-description=\"Terraza para eventos de Hotel Portm\u00e1n\" data-e-action-hash=\"#elementor-action%3Aaction%3Dlightbox%26settings%3DeyJpZCI6MTE1NiwidXJsIjoiaHR0cHM6XC9cL2hvdGVscG9ydG1hbi5jb21cL2VuXC93cC1jb250ZW50XC91cGxvYWRzXC9zaXRlc1wvMlwvVGVycmF6YS1wYXJhLWV2ZW50b3MtZGUtSG90ZWwtUG9ydG1hbi53ZWJwIn0%3D\">\n\t\t\t\t\t\t\t<img decoding=\"async\" width=\"1000\" height=\"750\" src=\"https:\/\/hotelportman.com\/en\/wp-content\/uploads\/sites\/2\/Terraza-para-eventos-de-Hotel-Portman.webp\" class=\"attachment-large size-large wp-image-1156\" alt=\"Terraza para eventos de Hotel Portm\u00e1n\" srcset=\"https:\/\/hotelportman.com\/en\/wp-content\/uploads\/sites\/2\/Terraza-para-eventos-de-Hotel-Portman.webp 1000w, https:\/\/hotelportman.com\/en\/wp-content\/uploads\/sites\/2\/Terraza-para-eventos-de-Hotel-Portman-768x576.webp 768w\" sizes=\"(max-width: 1000px) 100vw, 1000px\" \/>\t\t\t\t\t\t\t\t<\/a>\n\t\t\t\t\t\t\t\t\t\t\t\t\t\t\t<\/div>\n\t\t\t\t<\/div>\n\t\t\t\t<\/div>\n\t\t<div class=\"elementor-element elementor-element-33d5c74 e-con-full e-flex e-con e-child\" data-id=\"33d5c74\" data-element_type=\"container\" data-e-type=\"container\">\n\t\t\t\t<div class=\"elementor-element elementor-element-aa105b5 elementor-widget elementor-widget-image\" data-id=\"aa105b5\" data-element_type=\"widget\" data-e-type=\"widget\" data-widget_type=\"image.default\">\n\t\t\t\t<div class=\"elementor-widget-container\">\n\t\t\t\t\t\t\t\t\t\t\t\t\t\t\t\t<a href=\"https:\/\/hotelportman.com\/wp-content\/uploads\/Evento-en-terraza-de-Portman-noche.webp\" data-elementor-open-lightbox=\"yes\" data-elementor-lightbox-title=\"Evento en terraza de Portm\u00e1n noche\" data-elementor-lightbox-description=\"Evento en terraza de Portm\u00e1n noche\" data-e-action-hash=\"#elementor-action%3Aaction%3Dlightbox%26settings%3DeyJpZCI6MTE0MywidXJsIjoiaHR0cHM6XC9cL2hvdGVscG9ydG1hbi5jb21cL2VuXC93cC1jb250ZW50XC91cGxvYWRzXC9zaXRlc1wvMlwvRXZlbnRvLWVuLXRlcnJhemEtZGUtUG9ydG1hbi1ub2NoZS53ZWJwIn0%3D\">\n\t\t\t\t\t\t\t<img decoding=\"async\" width=\"1000\" height=\"750\" src=\"https:\/\/hotelportman.com\/en\/wp-content\/uploads\/sites\/2\/Evento-en-terraza-de-Portman-noche.webp\" class=\"attachment-large size-large wp-image-1143\" alt=\"Evento en terraza de Portm\u00e1n noche\" srcset=\"https:\/\/hotelportman.com\/en\/wp-content\/uploads\/sites\/2\/Evento-en-terraza-de-Portman-noche.webp 1000w, https:\/\/hotelportman.com\/en\/wp-content\/uploads\/sites\/2\/Evento-en-terraza-de-Portman-noche-768x576.webp 768w\" sizes=\"(max-width: 1000px) 100vw, 1000px\" \/>\t\t\t\t\t\t\t\t<\/a>\n\t\t\t\t\t\t\t\t\t\t\t\t\t\t\t<\/div>\n\t\t\t\t<\/div>\n\t\t\t\t<\/div>\n\t\t\t\t\t<\/div>\n\t\t\t\t<\/div>\n\t\t<div class=\"elementor-element elementor-element-eb871c7 e-flex e-con-boxed e-con e-parent\" data-id=\"eb871c7\" data-element_type=\"container\" data-e-type=\"container\">\n\t\t\t\t\t<div class=\"e-con-inner\">\n\t\t<div class=\"elementor-element elementor-element-fd1d88c e-con-full e-flex e-con e-child\" data-id=\"fd1d88c\" data-element_type=\"container\" data-e-type=\"container\" data-settings=\"{&quot;background_background&quot;:&quot;classic&quot;}\">\n\t\t\t\t<div class=\"elementor-element elementor-element-e7bd8c5 elementor-widget elementor-widget-heading\" data-id=\"e7bd8c5\" data-element_type=\"widget\" data-e-type=\"widget\" data-widget_type=\"heading.default\">\n\t\t\t\t<div class=\"elementor-widget-container\">\n\t\t\t\t\t<h2 class=\"elementor-heading-title elementor-size-default\">Celebra donde el mar y la monta\u00f1a se encuentran<\/h2>\t\t\t\t<\/div>\n\t\t\t\t<\/div>\n\t\t\t\t<\/div>\n\t\t<div class=\"elementor-element elementor-element-f3524dc e-con-full e-flex e-con e-child\" data-id=\"f3524dc\" data-element_type=\"container\" data-e-type=\"container\">\n\t\t\t\t<div class=\"elementor-element elementor-element-0ad3f9e elementor-widget elementor-widget-text-editor\" data-id=\"0ad3f9e\" data-element_type=\"widget\" data-e-type=\"widget\" data-widget_type=\"text-editor.default\">\n\t\t\t\t<div class=\"elementor-widget-container\">\n\t\t\t\t\t\t\t\t\t<p class=\"\" style=\"text-align: justify;\" data-start=\"628\" data-end=\"1051\">Ideal para celebraciones privadas, eventos corporativos, c\u00f3cteles al atardecer o simplemente para disfrutar de una velada inolvidable, nuestra terraza ofrece un ambiente relajado y sofisticado, con una cuidada decoraci\u00f3n, iluminaci\u00f3n ambiental y un servicio de primera clase.\u00a0<\/p><p class=\"\" style=\"text-align: justify;\" data-start=\"1053\" data-end=\"1273\">Adem\u00e1s, contamos con una propuesta gastron\u00f3mica dise\u00f1ada para sorprender a todos los paladares, incluyendo tapas creativas, c\u00f3cteles de autor y una selecci\u00f3n de vinos y champanes cuidadosamente elegida para cada ocasi\u00f3n.<\/p><p class=\"\" style=\"text-align: justify;\" data-start=\"1275\" data-end=\"1379\">D\u00e9jate envolver por el encanto del Mediterr\u00e1neo y convierte cualquier evento en un recuerdo inolvidable.<\/p>\t\t\t\t\t\t\t\t<\/div>\n\t\t\t\t<\/div>\n\t\t\t\t<div class=\"elementor-element elementor-element-011f5ea elementor-widget elementor-widget-button\" data-id=\"011f5ea\" data-element_type=\"widget\" data-e-type=\"widget\" data-widget_type=\"button.default\">\n\t\t\t\t<div class=\"elementor-widget-container\">\n\t\t\t\t\t\t\t\t\t<div class=\"elementor-button-wrapper\">\n\t\t\t\t\t<a class=\"elementor-button elementor-button-link elementor-size-sm\" href=\"tel:+34%20621%2028%2084%2030\" target=\"_blank\">\n\t\t\t\t\t\t<span class=\"elementor-button-content-wrapper\">\n\t\t\t\t\t\t\t\t\t<span class=\"elementor-button-text\">Contactar<\/span>\n\t\t\t\t\t<\/span>\n\t\t\t\t\t<\/a>\n\t\t\t\t<\/div>\n\t\t\t\t\t\t\t\t<\/div>\n\t\t\t\t<\/div>\n\t\t\t\t<\/div>\n\t\t\t\t\t<\/div>\n\t\t\t\t<\/div>\n\t\t<div class=\"elementor-element elementor-element-35e1fbd e-con-full e-flex e-con e-parent\" data-id=\"35e1fbd\" data-element_type=\"container\" data-e-type=\"container\" data-settings=\"{&quot;background_background&quot;:&quot;classic&quot;}\">\n\t\t\t\t<\/div>\n\t\t\t\t<\/div>\n\t\t","protected":false},"excerpt":{"rendered":"<p>Eventos Portm\u00e1n Contacta con nosotros Experiencias inolvidables en nuestra terraza Celebra tu evento en Portm\u00e1n Descubre el lugar perfecto para tus mejores momentos, nuestra exclusiva terraza con vistas al Mediterr\u00e1neo se convierte en el tel\u00f3n de fondo ideal para cualquier evento. Desde puestas de sol vibrantes hasta noches estrelladas ba\u00f1adas por la brisa marina, este [&hellip;]<\/p>\n","protected":false},"author":1,"featured_media":0,"parent":0,"menu_order":0,"comment_status":"closed","ping_status":"closed","template":"elementor_header_footer","meta":{"footnotes":""},"class_list":["post-1079","page","type-page","status-publish","hentry"],"_links":{"self":[{"href":"https:\/\/hotelportman.com\/en\/wp-json\/wp\/v2\/pages\/1079","targetHints":{"allow":["GET"]}}],"collection":[{"href":"https:\/\/hotelportman.com\/en\/wp-json\/wp\/v2\/pages"}],"about":[{"href":"https:\/\/hotelportman.com\/en\/wp-json\/wp\/v2\/types\/page"}],"author":[{"embeddable":true,"href":"https:\/\/hotelportman.com\/en\/wp-json\/wp\/v2\/users\/1"}],"replies":[{"embeddable":true,"href":"https:\/\/hotelportman.com\/en\/wp-json\/wp\/v2\/comments?post=1079"}],"version-history":[{"count":71,"href":"https:\/\/hotelportman.com\/en\/wp-json\/wp\/v2\/pages\/1079\/revisions"}],"predecessor-version":[{"id":1568,"href":"https:\/\/hotelportman.com\/en\/wp-json\/wp\/v2\/pages\/1079\/revisions\/1568"}],"wp:attachment":[{"href":"https:\/\/hotelportman.com\/en\/wp-json\/wp\/v2\/media?parent=1079"}],"curies":[{"name":"wp","href":"https:\/\/api.w.org\/{rel}","templated":true}]}}